{"id":96,"date":"2024-04-11T14:33:07","date_gmt":"2024-04-11T14:33:07","guid":{"rendered":"https:\/\/guineo.es\/?page_id=96"},"modified":"2024-04-11T14:33:07","modified_gmt":"2024-04-11T14:33:07","slug":"julio-es-un-buen-hombre-con-esperanza","status":"publish","type":"page","link":"https:\/\/guineo.es\/index.php\/julio-es-un-buen-hombre-con-esperanza\/","title":{"rendered":"Julio es un buen hombre con Esperanza"},"content":{"rendered":"<h2>Julio es un buen hombre con Esperanza<\/h2>\n<p>Julio es un buen hombre con Esperanza. Con su bicicleta recorr\u00eda la capital haciendo mandados, despu\u00e9s de que la fortuna le traicionara y dejara atr\u00e1s familia y se viera en la calle.Se convirti\u00f3 en un manitas, en un \u00abindiana jones\u00bb en un \u00abmacgyver\u00bb. El hambre es muy pu\u00f1etera y a los tres d\u00edas de estar en la calle, te terminas convirtiendo en calle. Pero el, siempre sonriente y con gran respeto afrontaba lo que en estos momentos le tocaba lidiar. Es de esas personas que cuando te mira y te habla, te llena el alma, te hacen sentir vivo.<\/p>\n<p>En el parque San Telmo, en la capital, se concentraba el 15M. La acampada contaba con los servicios de enfermer\u00eda, de cocina, de limpieza, de talleres y de informaci\u00f3n. Julio en sus \u00abdires y venires\u00bb por Le\u00f3n y Castillo, Venegas y Bravo Murillo se tropez\u00f3 con una de las asambleas. Le gust\u00f3 lo que escuchaba, tambi\u00e9n ten\u00eda hambre, y se sent\u00eda uno m\u00e1s. Las personas que viv\u00edan en la calle y que carec\u00edan de recursos, se acercaban al 15M, en busca de caridad. Lo mas alejado de la filosof\u00eda de tal encuentro. Julio no, se ofreci\u00f3 a participar y a buscar recursos. Conoci\u00f3 a Ruiman, un joven anarquista, comprometido y de gran humanidad, que le plante\u00f3 \u00a0abandonar la calle y buscar alg\u00fan hogar, un techo, resolver el problema habitacional, para luego conseguir otras metas. Julio no dud\u00f3, ocuparon una casa en Telde, vieja destartalada, totalmente abandonada, que tras grandes esfuerzos de Julio por hacerla habitable, vinieron a reclamarla y se vio de nuevo en la puta calle. Surgi\u00f3 entonces un edificio por Gu\u00eda en Gran Canaria, que se encontraba casi terminado y que no iba a tener salida como vivienda por quiebra de la empresa. Tras unas gestiones con la endeuda \u00a0\u00a0empresa , se ocuparon, sin violencia, llave en mano y con luz de obra, las 77 viviendas.<\/p>\n<p>&nbsp;<\/p>\n<p>&nbsp;<\/p>\n<p>&nbsp;<\/p>\n<p>Julio se construy\u00f3 su encimera, como buen ebanista y carpintero que es. Guille y otros vecinos le ayudaron con la pintura, tiene un hogar. Se trajo a su hermano enfermo y a una amiga que tambi\u00e9n sufri\u00f3 la puta calle. Tienen techo, luchan d\u00eda a d\u00eda por vivir, lo mas feliz que se puede, en comunidad. Julio pasea por el pueblo, habla con sus vecinos y ve muchas casa vac\u00edas, abandonadas. Un d\u00eda, como si se volviera a despertar la desgracia, un polic\u00eda a las ordenes de un alcalde desalmado, le dice que abandone la vivienda en la que lleva dos a\u00f1os empadronado. Su hogar, el pide pagar un alquiler social, un contador para la luz, uno para el agua corriente, que ahora tienen que traer en cuba y lo pide para el y para los doscientos vecinos en donde 120 son menores de edad. La Comunidad Esperanza no se puede desalojar. La Esperanza lucha, dignidad. La Esperanza es familia, barrio, pueblo, humanidad. 200 vidas, futuro, orgullo, vamos ESPERANZA\u2026.<\/p>\n<p>&nbsp;<\/p>\n<p>&nbsp;<\/p>\n<p>&nbsp;<\/p>\n<p style=\"text-align: center;\"><strong><em>Venga la esperanza, venga sola a m\u00ed <\/em><\/strong><br \/>\n<strong><em>l\u00e1rguese la escarcha, vuele el colibr\u00ed <\/em><\/strong><br \/>\n<strong><em>h\u00ednchese la vela, ruja el motor <\/em><\/strong><br \/>\n<strong><em>que sin esperanza \u00bfd\u00f3nde va el amor?<\/em><\/strong><\/p>\n<p style=\"text-align: center;\">Silvio Rodriguez.<\/p>\n","protected":false},"excerpt":{"rendered":"<p>Julio es un buen hombre con Esperanza Julio es un buen hombre con Esperanza. Con su bicicleta recorr\u00eda la capital haciendo mandados, despu\u00e9s de que la fortuna le traicionara y dejara atr\u00e1s familia y se viera en la calle.Se convirti\u00f3 en un manitas, en un \u00abindiana jones\u00bb en un \u00abmacgyver\u00bb. El hambre es muy pu\u00f1etera&#8230;<\/p>\n","protected":false},"author":1,"featured_media":0,"parent":0,"menu_order":0,"comment_status":"closed","ping_status":"closed","template":"","meta":{"footnotes":""},"class_list":["post-96","page","type-page","status-publish","hentry"],"_links":{"self":[{"href":"https:\/\/guineo.es\/index.php\/wp-json\/wp\/v2\/pages\/96","targetHints":{"allow":["GET"]}}],"collection":[{"href":"https:\/\/guineo.es\/index.php\/wp-json\/wp\/v2\/pages"}],"about":[{"href":"https:\/\/guineo.es\/index.php\/wp-json\/wp\/v2\/types\/page"}],"author":[{"embeddable":true,"href":"https:\/\/guineo.es\/index.php\/wp-json\/wp\/v2\/users\/1"}],"replies":[{"embeddable":true,"href":"https:\/\/guineo.es\/index.php\/wp-json\/wp\/v2\/comments?post=96"}],"version-history":[{"count":1,"href":"https:\/\/guineo.es\/index.php\/wp-json\/wp\/v2\/pages\/96\/revisions"}],"predecessor-version":[{"id":100,"href":"https:\/\/guineo.es\/index.php\/wp-json\/wp\/v2\/pages\/96\/revisions\/100"}],"wp:attachment":[{"href":"https:\/\/guineo.es\/index.php\/wp-json\/wp\/v2\/media?parent=96"}],"curies":[{"name":"wp","href":"https:\/\/api.w.org\/{rel}","templated":true}]}}