{"id":94,"date":"2024-04-11T14:30:10","date_gmt":"2024-04-11T14:30:10","guid":{"rendered":"https:\/\/guineo.es\/?page_id=94"},"modified":"2024-04-11T14:30:10","modified_gmt":"2024-04-11T14:30:10","slug":"alla-en-la-cima-pinos-de-galdar","status":"publish","type":"page","link":"https:\/\/guineo.es\/index.php\/alla-en-la-cima-pinos-de-galdar\/","title":{"rendered":"All\u00e1 en la cima, Pinos de G\u00e1ldar"},"content":{"rendered":"<h2>All\u00e1 en la cima, Pinos de G\u00e1ldar<\/h2>\n<p>Amantes de los Alisios<br \/>\ncon quien se funde<br \/>\nhumedeciendo la tierra<br \/>\nllenando pocetas<span class=\"text_exposed_show\"><br \/>\ndonde bebe el ganado<br \/>\naves y caminantes.<br \/>\nReverdecen nuestros prados<br \/>\ncorren los barrancos.<br \/>\nAll\u00e1 en la cima, Pinos de Galdar.<\/span><\/p>\n<p>Por Gran Canaria.<\/p>\n","protected":false},"excerpt":{"rendered":"<p>All\u00e1 en la cima, Pinos de G\u00e1ldar Amantes de los Alisios con quien se funde humedeciendo la tierra llenando pocetas donde bebe el ganado aves y caminantes. Reverdecen nuestros prados corren los barrancos. All\u00e1 en la cima, Pinos de Galdar. Por Gran Canaria.<\/p>\n","protected":false},"author":1,"featured_media":0,"parent":0,"menu_order":0,"comment_status":"closed","ping_status":"closed","template":"","meta":{"footnotes":""},"class_list":["post-94","page","type-page","status-publish","hentry"],"_links":{"self":[{"href":"https:\/\/guineo.es\/index.php\/wp-json\/wp\/v2\/pages\/94","targetHints":{"allow":["GET"]}}],"collection":[{"href":"https:\/\/guineo.es\/index.php\/wp-json\/wp\/v2\/pages"}],"about":[{"href":"https:\/\/guineo.es\/index.php\/wp-json\/wp\/v2\/types\/page"}],"author":[{"embeddable":true,"href":"https:\/\/guineo.es\/index.php\/wp-json\/wp\/v2\/users\/1"}],"replies":[{"embeddable":true,"href":"https:\/\/guineo.es\/index.php\/wp-json\/wp\/v2\/comments?post=94"}],"version-history":[{"count":1,"href":"https:\/\/guineo.es\/index.php\/wp-json\/wp\/v2\/pages\/94\/revisions"}],"predecessor-version":[{"id":95,"href":"https:\/\/guineo.es\/index.php\/wp-json\/wp\/v2\/pages\/94\/revisions\/95"}],"wp:attachment":[{"href":"https:\/\/guineo.es\/index.php\/wp-json\/wp\/v2\/media?parent=94"}],"curies":[{"name":"wp","href":"https:\/\/api.w.org\/{rel}","templated":true}]}}