{"id":107,"date":"2024-04-11T14:37:43","date_gmt":"2024-04-11T14:37:43","guid":{"rendered":"https:\/\/guineo.es\/?page_id=107"},"modified":"2024-04-11T14:37:43","modified_gmt":"2024-04-11T14:37:43","slug":"centros-infernales-espana","status":"publish","type":"page","link":"https:\/\/guineo.es\/index.php\/centros-infernales-espana\/","title":{"rendered":"Centros Infernales Espa\u00f1a"},"content":{"rendered":"<h2>Centros Infernales Espa\u00f1a<\/h2>\n<p>Quiero desde aqu\u00ed sumarme a la lucha por el cierre de los CIEs, Centros de Internamiento de Extranjeros. Y espero un GUINEO constante de todos, hasta que consigamos que desaparezcan. En Canarias hay 2: CIE Barranco Seco (Gran Canaria) y CIE Hoya Fr\u00eda (Tenerife). No se sabe de n\u00ba de internados, ni datos sobre ellos. Hacinados como si no existieran, perdidos y d\u00eda a d\u00eda m\u00e1s deteriorados como personas. Unas \u00abc\u00e1rceles\u00bb para gente que no han cometido ning\u00fan delito, m\u00e1s all\u00e1 que el de huir de las miserias que ha generado el capitalismo, guerras, enfermedades, pobreza extrema. Unos centros que huelen a xenofobia, del que no dan informaci\u00f3n, porque ellos mismos saben que este recurso es inhumano. J\u00f3venes que han dejado sus familias y arriesgado su vida por conseguir un mundo mejor. Si, exacto, como hicieron nuestros abuelos.<\/p>\n<p>El Ministerio del Interior, all\u00e1 por 1985 aprob\u00f3 este \u00abrecurso\u00bb con la reci\u00e9n ley de Extranjer\u00eda y era de forma provisional hasta activar programas m\u00e1s humanos. La realidad es que estamos en el 2016 y se ha quedado cr\u00f3nico. Al plantearlo de forma provisional, no han sido bien dotados. Los custodia el CNP y el cumplimiento del reglamento para estos centros deja mucho que desear. Se vulneran los Derechos Humanos y el gobierno mira para otro lado.<\/p>\n<p style=\"text-align: center;\">No me llames extranjero, que es una palabra triste<br \/>\nEs una palabra helada, huele a olvido y a destierro<br \/>\nNo me llames extranjero, mira tu ni\u00f1o y el m\u00edo<br \/>\nComo corren de la mano, hasta el final del sendero<\/p>\n<p style=\"text-align: center;\">(Rafael Amor)<\/p>\n","protected":false},"excerpt":{"rendered":"<p>Centros Infernales Espa\u00f1a Quiero desde aqu\u00ed sumarme a la lucha por el cierre de los CIEs, Centros de Internamiento de Extranjeros. Y espero un GUINEO constante de todos, hasta que consigamos que desaparezcan. En Canarias hay 2: CIE Barranco Seco (Gran Canaria) y CIE Hoya Fr\u00eda (Tenerife). No se sabe de n\u00ba de internados, ni&#8230;<\/p>\n","protected":false},"author":1,"featured_media":0,"parent":0,"menu_order":0,"comment_status":"closed","ping_status":"closed","template":"","meta":{"footnotes":""},"class_list":["post-107","page","type-page","status-publish","hentry"],"_links":{"self":[{"href":"https:\/\/guineo.es\/index.php\/wp-json\/wp\/v2\/pages\/107","targetHints":{"allow":["GET"]}}],"collection":[{"href":"https:\/\/guineo.es\/index.php\/wp-json\/wp\/v2\/pages"}],"about":[{"href":"https:\/\/guineo.es\/index.php\/wp-json\/wp\/v2\/types\/page"}],"author":[{"embeddable":true,"href":"https:\/\/guineo.es\/index.php\/wp-json\/wp\/v2\/users\/1"}],"replies":[{"embeddable":true,"href":"https:\/\/guineo.es\/index.php\/wp-json\/wp\/v2\/comments?post=107"}],"version-history":[{"count":1,"href":"https:\/\/guineo.es\/index.php\/wp-json\/wp\/v2\/pages\/107\/revisions"}],"predecessor-version":[{"id":109,"href":"https:\/\/guineo.es\/index.php\/wp-json\/wp\/v2\/pages\/107\/revisions\/109"}],"wp:attachment":[{"href":"https:\/\/guineo.es\/index.php\/wp-json\/wp\/v2\/media?parent=107"}],"curies":[{"name":"wp","href":"https:\/\/api.w.org\/{rel}","templated":true}]}}