{"id":103,"date":"2024-04-11T14:35:32","date_gmt":"2024-04-11T14:35:32","guid":{"rendered":"https:\/\/guineo.es\/?page_id=103"},"modified":"2024-04-11T14:35:32","modified_gmt":"2024-04-11T14:35:32","slug":"magec-brilla-como-nunca","status":"publish","type":"page","link":"https:\/\/guineo.es\/index.php\/magec-brilla-como-nunca\/","title":{"rendered":"Magec brilla como nunca"},"content":{"rendered":"<h2>Magec brilla como nunca<\/h2>\n<p>El Atl\u00e1ntico rebosa de alegr\u00eda<br \/>\nPinares, laurisilvas y montes<br \/>\nlucen sus mejores esplendores.<br \/>\nLa playa sonr\u00ede<span class=\"text_exposed_show\"><br \/>\nCanarias euf\u00f3rica<br \/>\nSe va uno de los que mas da\u00f1o<br \/>\nha hecho por estos lares.<br \/>\nEl peor pol\u00edtico de la historia<br \/>\nEl prepotente que nos ha tratado<br \/>\ncomo idiotas.<br \/>\nQue nos ha robado<br \/>\nvendido<br \/>\nmentido e insultado.<br \/>\nAdelante Canarias.<\/span><\/p>\n","protected":false},"excerpt":{"rendered":"<p>Magec brilla como nunca El Atl\u00e1ntico rebosa de alegr\u00eda Pinares, laurisilvas y montes lucen sus mejores esplendores. La playa sonr\u00ede Canarias euf\u00f3rica Se va uno de los que mas da\u00f1o ha hecho por estos lares. El peor pol\u00edtico de la historia El prepotente que nos ha tratado como idiotas. Que nos ha robado vendido mentido&#8230;<\/p>\n","protected":false},"author":1,"featured_media":0,"parent":0,"menu_order":0,"comment_status":"closed","ping_status":"closed","template":"","meta":{"footnotes":""},"class_list":["post-103","page","type-page","status-publish","hentry"],"_links":{"self":[{"href":"https:\/\/guineo.es\/index.php\/wp-json\/wp\/v2\/pages\/103","targetHints":{"allow":["GET"]}}],"collection":[{"href":"https:\/\/guineo.es\/index.php\/wp-json\/wp\/v2\/pages"}],"about":[{"href":"https:\/\/guineo.es\/index.php\/wp-json\/wp\/v2\/types\/page"}],"author":[{"embeddable":true,"href":"https:\/\/guineo.es\/index.php\/wp-json\/wp\/v2\/users\/1"}],"replies":[{"embeddable":true,"href":"https:\/\/guineo.es\/index.php\/wp-json\/wp\/v2\/comments?post=103"}],"version-history":[{"count":1,"href":"https:\/\/guineo.es\/index.php\/wp-json\/wp\/v2\/pages\/103\/revisions"}],"predecessor-version":[{"id":104,"href":"https:\/\/guineo.es\/index.php\/wp-json\/wp\/v2\/pages\/103\/revisions\/104"}],"wp:attachment":[{"href":"https:\/\/guineo.es\/index.php\/wp-json\/wp\/v2\/media?parent=103"}],"curies":[{"name":"wp","href":"https:\/\/api.w.org\/{rel}","templated":true}]}}