{"id":101,"date":"2024-04-11T14:34:39","date_gmt":"2024-04-11T14:34:39","guid":{"rendered":"https:\/\/guineo.es\/?page_id=101"},"modified":"2024-04-11T14:34:39","modified_gmt":"2024-04-11T14:34:39","slug":"tamadaba-sabe-a-besos","status":"publish","type":"page","link":"https:\/\/guineo.es\/index.php\/tamadaba-sabe-a-besos\/","title":{"rendered":"Tamadaba sabe a besos"},"content":{"rendered":"<h2>Tamadaba sabe a besos<\/h2>\n<p>Tamadaba sabe a besos.<\/p>\n<p>De esos que se dan por la ma\u00f1ana,<\/p>\n<p>despeluzados entre s\u00e1banas.<\/p>\n<p>Cuando cuesta separarse,<\/p>\n<p>abandonar la cama.<\/p>\n<p>Cuando se dice<\/p>\n<p>Ay cari\u00f1o, no quiero levantarme.<\/p>\n<p>Quedemos un ratito mas<\/p>\n<p>y se enredan piernas, brazos y almas.<\/p>\n<p>Cuando la c\u00f3mplice sonrisa<\/p>\n<p>de las miradas<\/p>\n<p>auguran otro d\u00eda<\/p>\n<p>con sabor a besos<\/p>\n<p>porque los besos<\/p>\n<p>saben a Tamadaba.<\/p>\n","protected":false},"excerpt":{"rendered":"<p>Tamadaba sabe a besos Tamadaba sabe a besos. De esos que se dan por la ma\u00f1ana, despeluzados entre s\u00e1banas. Cuando cuesta separarse, abandonar la cama. Cuando se dice Ay cari\u00f1o, no quiero levantarme. Quedemos un ratito mas y se enredan piernas, brazos y almas. Cuando la c\u00f3mplice sonrisa de las miradas auguran otro d\u00eda con&#8230;<\/p>\n","protected":false},"author":1,"featured_media":0,"parent":0,"menu_order":0,"comment_status":"closed","ping_status":"closed","template":"","meta":{"footnotes":""},"class_list":["post-101","page","type-page","status-publish","hentry"],"_links":{"self":[{"href":"https:\/\/guineo.es\/index.php\/wp-json\/wp\/v2\/pages\/101","targetHints":{"allow":["GET"]}}],"collection":[{"href":"https:\/\/guineo.es\/index.php\/wp-json\/wp\/v2\/pages"}],"about":[{"href":"https:\/\/guineo.es\/index.php\/wp-json\/wp\/v2\/types\/page"}],"author":[{"embeddable":true,"href":"https:\/\/guineo.es\/index.php\/wp-json\/wp\/v2\/users\/1"}],"replies":[{"embeddable":true,"href":"https:\/\/guineo.es\/index.php\/wp-json\/wp\/v2\/comments?post=101"}],"version-history":[{"count":1,"href":"https:\/\/guineo.es\/index.php\/wp-json\/wp\/v2\/pages\/101\/revisions"}],"predecessor-version":[{"id":102,"href":"https:\/\/guineo.es\/index.php\/wp-json\/wp\/v2\/pages\/101\/revisions\/102"}],"wp:attachment":[{"href":"https:\/\/guineo.es\/index.php\/wp-json\/wp\/v2\/media?parent=101"}],"curies":[{"name":"wp","href":"https:\/\/api.w.org\/{rel}","templated":true}]}}